{"id":91620,"date":"2021-04-20T21:44:07","date_gmt":"2021-04-20T21:44:07","guid":{"rendered":"https:\/\/www.autokrata.pl\/danetechniczne\/?page_id=91620"},"modified":"2021-07-25T17:47:39","modified_gmt":"2021-07-25T17:47:39","slug":"bmw-alpina","status":"publish","type":"page","link":"https:\/\/www.autokrata.pl\/danetechniczne\/bmw-alpina\/","title":{"rendered":"Modele marki:  BMW-Alpina"},"content":{"rendered":"<p>[vc_row][vc_column][vc_column_text]BMW Alpina to linia samochod\u00f3w zorientowana na osi\u0105gi, stworzona przez Alpin\u0119 jako sp\u00f3\u0142k\u0119 zale\u017cn\u0105 BMW. Pierwsze modele zosta\u0142y wprowadzone w 1972 roku i od tego czasu s\u0105 w produkcji.<\/p>\n<p>BMW zawsze s\u0142yn\u0119\u0142o z wysokiej jako\u015bci pojazd\u00f3w, kt\u00f3re zosta\u0142y wyprodukowane przy u\u017cyciu innowacyjnych technologii. Na pocz\u0105tku lat 70. BMW wprowadzi\u0142o w\u0142a\u015bnie now\u0105 lini\u0119 samochod\u00f3w skierowan\u0105 do kierowc\u00f3w, kt\u00f3rzy chcieli uzyska\u0107 najlepsze wra\u017cenia z jazdy swoim samochodem. Te samochody nazywa\u0142y si\u0119 BMW Alpina i dostarcza\u0142y to, co obiecano.<\/p>\n<p>Pierwsze generacje tych samochod\u00f3w mia\u0142y sze\u015bciocylindrowy silnik rz\u0119dowy, ale ostatecznie BMW Alpinas wyposa\u017cono w silnik o\u015bmiocylindrowy, a tak\u017ce wiele innych zmian poprawiaj\u0105cych osi\u0105gi i prowadzenie, takich jak wi\u0119ksze rozmiary k\u00f3\u0142, sztywniejsze uk\u0142ady zawieszenia, mocniejsze hamowanie[\/vc_column_text][vc_custom_heading text=&#8221;Wybierz model z marki BMW-Alpina aby pozna\u0107 dane techniczne.&#8221; font_container=&#8221;tag:h2|text_align:center&#8221; use_theme_fonts=&#8221;yes&#8221;][vc_column_text]Aby pozna\u0107 dane techniczne samochod\u00f3w marki BMW-Alpina wybierz z listy poni\u017cej model, kt\u00f3ry Cie interesuje:[\/vc_column_text][vc_custom_heading text=&#8221;Modele marki BMW-Alpina:&#8221; font_container=&#8221;tag:h3|text_align:center&#8221; use_theme_fonts=&#8221;yes&#8221;][vc_empty_space]<div class=\"vc_taxonomy_listing\"><ul ><li><a href=\"https:\/\/www.autokrata.pl\/danetechniczne\/auto\/marka-bmw-alpina\/b5-marka-bmw-alpina\/\">B5<\/a><\/li><li><a href=\"https:\/\/www.autokrata.pl\/danetechniczne\/auto\/marka-bmw-alpina\/b6-marka-bmw-alpina\/\">B6<\/a><\/li><li><a href=\"https:\/\/www.autokrata.pl\/danetechniczne\/auto\/marka-bmw-alpina\/b7-marka-bmw-alpina\/\">B7<\/a><\/li><\/ul><\/div>[vc_empty_space][vc_column_text]<mark>Krok 2 z 3:<\/mark> Aktualnie znajdujesz si\u0119 w kategorii dane techniczne dla samochod\u00f3w marki <strong> BMW-Alpina<\/strong>. Wybierz model auta i przejd\u017a do kroku 3-go w kt\u00f3rym wybierzesz konkretny model silnikowy, rodzaj nadwozia lub wersj\u0119 samochodu i uzyskasz na jego temat dok\u0142adne dane techniczne.[\/vc_column_text][\/vc_column][\/vc_row][vc_row][vc_column][\/vc_column][\/vc_row]<\/p>\n","protected":false},"excerpt":{"rendered":"<p>[vc_row][vc_column][vc_column_text]BMW Alpina to linia samochod\u00f3w zorientowana na osi\u0105gi, stworzona przez Alpin\u0119 jako sp\u00f3\u0142k\u0119 zale\u017cn\u0105 BMW. Pierwsze modele zosta\u0142y wprowadzone w 1972 roku i od tego czasu s\u0105 w produkcji. BMW zawsze s\u0142yn\u0119\u0142o z wysokiej jako\u015bci pojazd\u00f3w, kt\u00f3re zosta\u0142y wyprodukowane przy u\u017cyciu innowacyjnych technologii. Na pocz\u0105tku lat 70. BMW wprowadzi\u0142o w\u0142a\u015bnie now\u0105 lini\u0119 samochod\u00f3w skierowan\u0105 do&#8230;<a class=\"btnReadMore\" href=\"https:\/\/www.autokrata.pl\/danetechniczne\/bmw-alpina\/\">Czytaj wi\u0119cej<i class=\"fa fa-long-arrow-right\"><\/i><\/a><\/p>\n","protected":false},"author":1,"featured_media":0,"parent":0,"menu_order":0,"comment_status":"closed","ping_status":"closed","template":"","meta":[],"yoast_head":"<!-- This site is optimized with the Yoast SEO plugin v16.1.1 - https:\/\/yoast.com\/wordpress\/plugins\/seo\/ -->\n<title>Modele marki: BMW-Alpina - Dane techniczne<\/title>\n<link rel=\"canonical\" href=\"https:\/\/www.autokrata.pl\/danetechniczne\/bmw-alpina\/\" \/>\n<meta property=\"og:locale\" content=\"pl_PL\" \/>\n<meta property=\"og:type\" content=\"article\" \/>\n<meta property=\"og:title\" content=\"Modele marki: BMW-Alpina - Dane techniczne\" \/>\n<meta property=\"og:description\" content=\"[vc_row][vc_column][vc_column_text]BMW Alpina to linia samochod\u00f3w zorientowana na osi\u0105gi, stworzona przez Alpin\u0119 jako sp\u00f3\u0142k\u0119 zale\u017cn\u0105 BMW. Pierwsze modele zosta\u0142y wprowadzone w 1972 roku i od tego czasu s\u0105 w produkcji. BMW zawsze s\u0142yn\u0119\u0142o z wysokiej jako\u015bci pojazd\u00f3w, kt\u00f3re zosta\u0142y wyprodukowane przy u\u017cyciu innowacyjnych technologii. Na pocz\u0105tku lat 70. BMW wprowadzi\u0142o w\u0142a\u015bnie now\u0105 lini\u0119 samochod\u00f3w skierowan\u0105 do...Czytaj wi\u0119cej\" \/>\n<meta property=\"og:url\" content=\"https:\/\/www.autokrata.pl\/danetechniczne\/bmw-alpina\/\" \/>\n<meta property=\"og:site_name\" content=\"Dane techniczne\" \/>\n<meta property=\"article:modified_time\" content=\"2021-07-25T17:47:39+00:00\" \/>\n<meta name=\"twitter:card\" content=\"summary_large_image\" \/>\n<meta name=\"twitter:label1\" content=\"Szacowany czas czytania\">\n\t<meta name=\"twitter:data1\" content=\"1 minuta\">\n<script type=\"application\/ld+json\" class=\"yoast-schema-graph\">{\"@context\":\"https:\/\/schema.org\",\"@graph\":[{\"@type\":\"Organization\",\"@id\":\"https:\/\/www.autokrata.pl\/danetechniczne\/#organization\",\"name\":\"Auto Krata - Dane techniczne\",\"url\":\"https:\/\/www.autokrata.pl\/danetechniczne\/\",\"sameAs\":[],\"logo\":{\"@type\":\"ImageObject\",\"@id\":\"https:\/\/www.autokrata.pl\/danetechniczne\/#logo\",\"inLanguage\":\"pl-PL\",\"url\":\"https:\/\/www.autokrata.pl\/danetechniczne\/wp-content\/uploads\/2021\/04\/logo3.png\",\"contentUrl\":\"https:\/\/www.autokrata.pl\/danetechniczne\/wp-content\/uploads\/2021\/04\/logo3.png\",\"width\":400,\"height\":100,\"caption\":\"Auto Krata - Dane techniczne\"},\"image\":{\"@id\":\"https:\/\/www.autokrata.pl\/danetechniczne\/#logo\"}},{\"@type\":\"WebSite\",\"@id\":\"https:\/\/www.autokrata.pl\/danetechniczne\/#website\",\"url\":\"https:\/\/www.autokrata.pl\/danetechniczne\/\",\"name\":\"Dane techniczne\",\"description\":\"Dane techniczne samochod\\u00f3w\",\"publisher\":{\"@id\":\"https:\/\/www.autokrata.pl\/danetechniczne\/#organization\"},\"potentialAction\":[{\"@type\":\"SearchAction\",\"target\":\"https:\/\/www.autokrata.pl\/danetechniczne\/?s={search_term_string}\",\"query-input\":\"required name=search_term_string\"}],\"inLanguage\":\"pl-PL\"},{\"@type\":\"WebPage\",\"@id\":\"https:\/\/www.autokrata.pl\/danetechniczne\/bmw-alpina\/#webpage\",\"url\":\"https:\/\/www.autokrata.pl\/danetechniczne\/bmw-alpina\/\",\"name\":\"Modele marki: BMW-Alpina - Dane techniczne\",\"isPartOf\":{\"@id\":\"https:\/\/www.autokrata.pl\/danetechniczne\/#website\"},\"datePublished\":\"2021-04-20T21:44:07+00:00\",\"dateModified\":\"2021-07-25T17:47:39+00:00\",\"breadcrumb\":{\"@id\":\"https:\/\/www.autokrata.pl\/danetechniczne\/bmw-alpina\/#breadcrumb\"},\"inLanguage\":\"pl-PL\",\"potentialAction\":[{\"@type\":\"ReadAction\",\"target\":[\"https:\/\/www.autokrata.pl\/danetechniczne\/bmw-alpina\/\"]}]},{\"@type\":\"BreadcrumbList\",\"@id\":\"https:\/\/www.autokrata.pl\/danetechniczne\/bmw-alpina\/#breadcrumb\",\"itemListElement\":[{\"@type\":\"ListItem\",\"position\":1,\"item\":{\"@type\":\"WebPage\",\"@id\":\"https:\/\/www.autokrata.pl\/danetechniczne\/\",\"url\":\"https:\/\/www.autokrata.pl\/danetechniczne\/\",\"name\":\"Dane techniczne\"}},{\"@type\":\"ListItem\",\"position\":2,\"item\":{\"@type\":\"WebPage\",\"@id\":\"https:\/\/www.autokrata.pl\/danetechniczne\/bmw-alpina\/\",\"url\":\"https:\/\/www.autokrata.pl\/danetechniczne\/bmw-alpina\/\",\"name\":\"Modele marki: BMW-Alpina\"}}]}]}<\/script>\n<!-- \/ Yoast SEO plugin. -->","_links":{"self":[{"href":"https:\/\/www.autokrata.pl\/danetechniczne\/wp-json\/wp\/v2\/pages\/91620"}],"collection":[{"href":"https:\/\/www.autokrata.pl\/danetechniczne\/wp-json\/wp\/v2\/pages"}],"about":[{"href":"https:\/\/www.autokrata.pl\/danetechniczne\/wp-json\/wp\/v2\/types\/page"}],"author":[{"embeddable":true,"href":"https:\/\/www.autokrata.pl\/danetechniczne\/wp-json\/wp\/v2\/users\/1"}],"replies":[{"embeddable":true,"href":"https:\/\/www.autokrata.pl\/danetechniczne\/wp-json\/wp\/v2\/comments?post=91620"}],"version-history":[{"count":2,"href":"https:\/\/www.autokrata.pl\/danetechniczne\/wp-json\/wp\/v2\/pages\/91620\/revisions"}],"predecessor-version":[{"id":92235,"href":"https:\/\/www.autokrata.pl\/danetechniczne\/wp-json\/wp\/v2\/pages\/91620\/revisions\/92235"}],"wp:attachment":[{"href":"https:\/\/www.autokrata.pl\/danetechniczne\/wp-json\/wp\/v2\/media?parent=91620"}],"curies":[{"name":"wp","href":"https:\/\/api.w.org\/{rel}","templated":true}]}}