{"id":91759,"date":"2021-04-20T22:27:57","date_gmt":"2021-04-20T22:27:57","guid":{"rendered":"https:\/\/www.autokrata.pl\/danetechniczne\/?page_id=91759"},"modified":"2021-07-25T20:29:12","modified_gmt":"2021-07-25T20:29:12","slug":"gaz","status":"publish","type":"page","link":"https:\/\/www.autokrata.pl\/danetechniczne\/gaz\/","title":{"rendered":"Modele marki:  GAZ"},"content":{"rendered":"<p>[vc_row][vc_column][vc_column_text]GAZ to rosyjska firma samochodowa, kt\u00f3ra powsta\u0142a w 1924 roku i jest jednym z najwi\u0119kszych producent\u00f3w samochod\u00f3w w Rosji. Produkuj\u0105 ma\u0142e samochody, ci\u0119\u017car\u00f3wki, autobusy i inne pojazdy.<br \/>\nSamochody GAZ s\u0105 popularne nie tylko w Rosji, ale tak\u017ce za granic\u0105. W USA produkuj\u0105 Niv\u0119 na eksport do Ameryki P\u00f3\u0142nocnej. Produkuj\u0105 r\u00f3wnie\u017c r\u00f3\u017cne samochody na eksport do Europy za po\u015brednictwem swojej sp\u00f3\u0142ki zale\u017cnej Avtovaz Sales and Service BVBA w Belgii.[\/vc_column_text][vc_custom_heading text=&#8221;Wybierz model z marki GAZ aby pozna\u0107 dane techniczne.&#8221; font_container=&#8221;tag:h2|text_align:center&#8221; use_theme_fonts=&#8221;yes&#8221;][vc_column_text]Aby pozna\u0107 dane techniczne samochod\u00f3w marki GAZ wybierz z listy poni\u017cej model, kt\u00f3ry Cie interesuje:[\/vc_column_text][vc_custom_heading text=&#8221;Modele marki GAZ:&#8221; font_container=&#8221;tag:h3|text_align:center&#8221; use_theme_fonts=&#8221;yes&#8221;][vc_empty_space]<div class=\"vc_taxonomy_listing\"><ul ><li><a href=\"https:\/\/www.autokrata.pl\/danetechniczne\/auto\/marka-gaz\/20\/\">20<\/a><\/li><li><a href=\"https:\/\/www.autokrata.pl\/danetechniczne\/auto\/marka-gaz\/21-marka-gaz\/\">21<\/a><\/li><li><a href=\"https:\/\/www.autokrata.pl\/danetechniczne\/auto\/marka-gaz\/22\/\">22<\/a><\/li><li><a href=\"https:\/\/www.autokrata.pl\/danetechniczne\/auto\/marka-gaz\/2330\/\">2330<\/a><\/li><li><a href=\"https:\/\/www.autokrata.pl\/danetechniczne\/auto\/marka-gaz\/24-marka-gaz\/\">24<\/a><\/li><li><a href=\"https:\/\/www.autokrata.pl\/danetechniczne\/auto\/marka-gaz\/31\/\">31<\/a><\/li><li><a href=\"https:\/\/www.autokrata.pl\/danetechniczne\/auto\/marka-gaz\/69\/\">69<\/a><\/li><li><a href=\"https:\/\/www.autokrata.pl\/danetechniczne\/auto\/marka-gaz\/siber\/\">Siber<\/a><\/li><\/ul><\/div>[vc_empty_space][vc_column_text]<mark>Krok 2 z 3:<\/mark> Aktualnie znajdujesz si\u0119 w kategorii dane techniczne dla samochod\u00f3w marki <strong> GAZ<\/strong>. Wybierz model auta i przejd\u017a do kroku 3-go w kt\u00f3rym wybierzesz konkretny model silnikowy, rodzaj nadwozia lub wersj\u0119 samochodu i uzyskasz na jego temat dok\u0142adne dane techniczne.[\/vc_column_text][\/vc_column][\/vc_row][vc_row][vc_column][\/vc_column][\/vc_row]<\/p>\n","protected":false},"excerpt":{"rendered":"<p>[vc_row][vc_column][vc_column_text]GAZ to rosyjska firma samochodowa, kt\u00f3ra powsta\u0142a w 1924 roku i jest jednym z najwi\u0119kszych producent\u00f3w samochod\u00f3w w Rosji. Produkuj\u0105 ma\u0142e samochody, ci\u0119\u017car\u00f3wki, autobusy i inne pojazdy. Samochody GAZ s\u0105 popularne nie tylko w Rosji, ale tak\u017ce za granic\u0105. W USA produkuj\u0105 Niv\u0119 na eksport do Ameryki P\u00f3\u0142nocnej. Produkuj\u0105 r\u00f3wnie\u017c r\u00f3\u017cne samochody na eksport do&#8230;<a class=\"btnReadMore\" href=\"https:\/\/www.autokrata.pl\/danetechniczne\/gaz\/\">Czytaj wi\u0119cej<i class=\"fa fa-long-arrow-right\"><\/i><\/a><\/p>\n","protected":false},"author":1,"featured_media":0,"parent":0,"menu_order":0,"comment_status":"closed","ping_status":"closed","template":"","meta":[],"yoast_head":"<!-- This site is optimized with the Yoast SEO plugin v16.1.1 - https:\/\/yoast.com\/wordpress\/plugins\/seo\/ -->\n<title>Modele marki: GAZ - Dane techniczne<\/title>\n<link rel=\"canonical\" href=\"https:\/\/www.autokrata.pl\/danetechniczne\/gaz\/\" \/>\n<meta property=\"og:locale\" content=\"pl_PL\" \/>\n<meta property=\"og:type\" content=\"article\" \/>\n<meta property=\"og:title\" content=\"Modele marki: GAZ - Dane techniczne\" \/>\n<meta property=\"og:description\" content=\"[vc_row][vc_column][vc_column_text]GAZ to rosyjska firma samochodowa, kt\u00f3ra powsta\u0142a w 1924 roku i jest jednym z najwi\u0119kszych producent\u00f3w samochod\u00f3w w Rosji. Produkuj\u0105 ma\u0142e samochody, ci\u0119\u017car\u00f3wki, autobusy i inne pojazdy. Samochody GAZ s\u0105 popularne nie tylko w Rosji, ale tak\u017ce za granic\u0105. W USA produkuj\u0105 Niv\u0119 na eksport do Ameryki P\u00f3\u0142nocnej. Produkuj\u0105 r\u00f3wnie\u017c r\u00f3\u017cne samochody na eksport do...Czytaj wi\u0119cej\" \/>\n<meta property=\"og:url\" content=\"https:\/\/www.autokrata.pl\/danetechniczne\/gaz\/\" \/>\n<meta property=\"og:site_name\" content=\"Dane techniczne\" \/>\n<meta property=\"article:modified_time\" content=\"2021-07-25T20:29:12+00:00\" \/>\n<meta name=\"twitter:card\" content=\"summary_large_image\" \/>\n<meta name=\"twitter:label1\" content=\"Szacowany czas czytania\">\n\t<meta name=\"twitter:data1\" content=\"1 minuta\">\n<script type=\"application\/ld+json\" class=\"yoast-schema-graph\">{\"@context\":\"https:\/\/schema.org\",\"@graph\":[{\"@type\":\"Organization\",\"@id\":\"https:\/\/www.autokrata.pl\/danetechniczne\/#organization\",\"name\":\"Auto Krata - Dane techniczne\",\"url\":\"https:\/\/www.autokrata.pl\/danetechniczne\/\",\"sameAs\":[],\"logo\":{\"@type\":\"ImageObject\",\"@id\":\"https:\/\/www.autokrata.pl\/danetechniczne\/#logo\",\"inLanguage\":\"pl-PL\",\"url\":\"https:\/\/www.autokrata.pl\/danetechniczne\/wp-content\/uploads\/2021\/04\/logo3.png\",\"contentUrl\":\"https:\/\/www.autokrata.pl\/danetechniczne\/wp-content\/uploads\/2021\/04\/logo3.png\",\"width\":400,\"height\":100,\"caption\":\"Auto Krata - Dane techniczne\"},\"image\":{\"@id\":\"https:\/\/www.autokrata.pl\/danetechniczne\/#logo\"}},{\"@type\":\"WebSite\",\"@id\":\"https:\/\/www.autokrata.pl\/danetechniczne\/#website\",\"url\":\"https:\/\/www.autokrata.pl\/danetechniczne\/\",\"name\":\"Dane techniczne\",\"description\":\"Dane techniczne samochod\\u00f3w\",\"publisher\":{\"@id\":\"https:\/\/www.autokrata.pl\/danetechniczne\/#organization\"},\"potentialAction\":[{\"@type\":\"SearchAction\",\"target\":\"https:\/\/www.autokrata.pl\/danetechniczne\/?s={search_term_string}\",\"query-input\":\"required name=search_term_string\"}],\"inLanguage\":\"pl-PL\"},{\"@type\":\"WebPage\",\"@id\":\"https:\/\/www.autokrata.pl\/danetechniczne\/gaz\/#webpage\",\"url\":\"https:\/\/www.autokrata.pl\/danetechniczne\/gaz\/\",\"name\":\"Modele marki: GAZ - Dane techniczne\",\"isPartOf\":{\"@id\":\"https:\/\/www.autokrata.pl\/danetechniczne\/#website\"},\"datePublished\":\"2021-04-20T22:27:57+00:00\",\"dateModified\":\"2021-07-25T20:29:12+00:00\",\"breadcrumb\":{\"@id\":\"https:\/\/www.autokrata.pl\/danetechniczne\/gaz\/#breadcrumb\"},\"inLanguage\":\"pl-PL\",\"potentialAction\":[{\"@type\":\"ReadAction\",\"target\":[\"https:\/\/www.autokrata.pl\/danetechniczne\/gaz\/\"]}]},{\"@type\":\"BreadcrumbList\",\"@id\":\"https:\/\/www.autokrata.pl\/danetechniczne\/gaz\/#breadcrumb\",\"itemListElement\":[{\"@type\":\"ListItem\",\"position\":1,\"item\":{\"@type\":\"WebPage\",\"@id\":\"https:\/\/www.autokrata.pl\/danetechniczne\/\",\"url\":\"https:\/\/www.autokrata.pl\/danetechniczne\/\",\"name\":\"Dane techniczne\"}},{\"@type\":\"ListItem\",\"position\":2,\"item\":{\"@type\":\"WebPage\",\"@id\":\"https:\/\/www.autokrata.pl\/danetechniczne\/gaz\/\",\"url\":\"https:\/\/www.autokrata.pl\/danetechniczne\/gaz\/\",\"name\":\"Modele marki: GAZ\"}}]}]}<\/script>\n<!-- \/ Yoast SEO plugin. -->","_links":{"self":[{"href":"https:\/\/www.autokrata.pl\/danetechniczne\/wp-json\/wp\/v2\/pages\/91759"}],"collection":[{"href":"https:\/\/www.autokrata.pl\/danetechniczne\/wp-json\/wp\/v2\/pages"}],"about":[{"href":"https:\/\/www.autokrata.pl\/danetechniczne\/wp-json\/wp\/v2\/types\/page"}],"author":[{"embeddable":true,"href":"https:\/\/www.autokrata.pl\/danetechniczne\/wp-json\/wp\/v2\/users\/1"}],"replies":[{"embeddable":true,"href":"https:\/\/www.autokrata.pl\/danetechniczne\/wp-json\/wp\/v2\/comments?post=91759"}],"version-history":[{"count":2,"href":"https:\/\/www.autokrata.pl\/danetechniczne\/wp-json\/wp\/v2\/pages\/91759\/revisions"}],"predecessor-version":[{"id":92282,"href":"https:\/\/www.autokrata.pl\/danetechniczne\/wp-json\/wp\/v2\/pages\/91759\/revisions\/92282"}],"wp:attachment":[{"href":"https:\/\/www.autokrata.pl\/danetechniczne\/wp-json\/wp\/v2\/media?parent=91759"}],"curies":[{"name":"wp","href":"https:\/\/api.w.org\/{rel}","templated":true}]}}