{"id":91768,"date":"2021-04-20T22:31:08","date_gmt":"2021-04-20T22:31:08","guid":{"rendered":"https:\/\/www.autokrata.pl\/danetechniczne\/?page_id=91768"},"modified":"2021-07-25T20:33:18","modified_gmt":"2021-07-25T20:33:18","slug":"gmc","status":"publish","type":"page","link":"https:\/\/www.autokrata.pl\/danetechniczne\/gmc\/","title":{"rendered":"Modele marki:  GMC"},"content":{"rendered":"<p>[vc_row][vc_column][vc_column_text]Marka samochod\u00f3w GMC zosta\u0142a po raz pierwszy za\u0142o\u017cona w 1912 roku przez Billy&#8217;ego Duranta, kt\u00f3ry by\u0142 przedsi\u0119biorc\u0105 z smyka\u0142k\u0105 do biznesu. Wcze\u015bniej za\u0142o\u017cy\u0142 Buicka i Chevroleta, ale chcia\u0142 zrobi\u0107 co\u015b innego z t\u0105 now\u0105 firm\u0105. Pierwszy model samochodu, kt\u00f3ry wypu\u015bci\u0142 w ramach swojej nowej firmy, ukaza\u0142 si\u0119 w 1915 roku i sta\u0142 si\u0119 tak popularny, \u017ce sprzeda\u0142 ponad 20 000 modeli w ci\u0105gu dw\u00f3ch lat od premiery.<br \/>\nDurant kontynuowa\u0142 kierowanie GMC do 1920 roku, kiedy JD Rockefeller wykupi\u0142 go i wyznaczy\u0142 General Motors na nast\u0119pc\u0119 zespo\u0142u zarz\u0105dzaj\u0105cego GMC. W[\/vc_column_text][vc_custom_heading text=&#8221;Wybierz model z marki GMC aby pozna\u0107 dane techniczne.&#8221; font_container=&#8221;tag:h2|text_align:center&#8221; use_theme_fonts=&#8221;yes&#8221;][vc_column_text]Aby pozna\u0107 dane techniczne samochod\u00f3w marki GMC wybierz z listy poni\u017cej model, kt\u00f3ry Cie interesuje:[\/vc_column_text][vc_custom_heading text=&#8221;Modele marki GMC:&#8221; font_container=&#8221;tag:h3|text_align:center&#8221; use_theme_fonts=&#8221;yes&#8221;][vc_empty_space]<div class=\"vc_taxonomy_listing\"><ul ><li><a href=\"https:\/\/www.autokrata.pl\/danetechniczne\/auto\/marka-gmc\/acadia\/\">Acadia<\/a><\/li><li><a href=\"https:\/\/www.autokrata.pl\/danetechniczne\/auto\/marka-gmc\/canyon\/\">Canyon<\/a><\/li><li><a href=\"https:\/\/www.autokrata.pl\/danetechniczne\/auto\/marka-gmc\/envoy\/\">Envoy<\/a><\/li><li><a href=\"https:\/\/www.autokrata.pl\/danetechniczne\/auto\/marka-gmc\/jimmy\/\">Jimmy<\/a><\/li><li><a href=\"https:\/\/www.autokrata.pl\/danetechniczne\/auto\/marka-gmc\/savana\/\">Savana<\/a><\/li><li><a href=\"https:\/\/www.autokrata.pl\/danetechniczne\/auto\/marka-gmc\/sierra-marka-gmc\/\">Sierra<\/a><\/li><li><a href=\"https:\/\/www.autokrata.pl\/danetechniczne\/auto\/marka-gmc\/sonoma\/\">Sonoma<\/a><\/li><li><a href=\"https:\/\/www.autokrata.pl\/danetechniczne\/auto\/marka-gmc\/suburban\/\">Suburban<\/a><\/li><li><a href=\"https:\/\/www.autokrata.pl\/danetechniczne\/auto\/marka-gmc\/syclone\/\">Syclone<\/a><\/li><li><a href=\"https:\/\/www.autokrata.pl\/danetechniczne\/auto\/marka-gmc\/terrain\/\">Terrain<\/a><\/li><li><a href=\"https:\/\/www.autokrata.pl\/danetechniczne\/auto\/marka-gmc\/typhoon\/\">Typhoon<\/a><\/li><li><a href=\"https:\/\/www.autokrata.pl\/danetechniczne\/auto\/marka-gmc\/vandura\/\">Vandura<\/a><\/li><li><a href=\"https:\/\/www.autokrata.pl\/danetechniczne\/auto\/marka-gmc\/yukon\/\">Yukon<\/a><\/li><\/ul><\/div>[vc_empty_space][vc_column_text]<mark>Krok 2 z 3:<\/mark> Aktualnie znajdujesz si\u0119 w kategorii dane techniczne dla samochod\u00f3w marki <strong> GMC<\/strong>. Wybierz model auta i przejd\u017a do kroku 3-go w kt\u00f3rym wybierzesz konkretny model silnikowy, rodzaj nadwozia lub wersj\u0119 samochodu i uzyskasz na jego temat dok\u0142adne dane techniczne.[\/vc_column_text][\/vc_column][\/vc_row][vc_row][vc_column][\/vc_column][\/vc_row]<\/p>\n","protected":false},"excerpt":{"rendered":"<p>[vc_row][vc_column][vc_column_text]Marka samochod\u00f3w GMC zosta\u0142a po raz pierwszy za\u0142o\u017cona w 1912 roku przez Billy&#8217;ego Duranta, kt\u00f3ry by\u0142 przedsi\u0119biorc\u0105 z smyka\u0142k\u0105 do biznesu. Wcze\u015bniej za\u0142o\u017cy\u0142 Buicka i Chevroleta, ale chcia\u0142 zrobi\u0107 co\u015b innego z t\u0105 now\u0105 firm\u0105. Pierwszy model samochodu, kt\u00f3ry wypu\u015bci\u0142 w ramach swojej nowej firmy, ukaza\u0142 si\u0119 w 1915 roku i sta\u0142 si\u0119 tak popularny,&#8230;<a class=\"btnReadMore\" href=\"https:\/\/www.autokrata.pl\/danetechniczne\/gmc\/\">Czytaj wi\u0119cej<i class=\"fa fa-long-arrow-right\"><\/i><\/a><\/p>\n","protected":false},"author":1,"featured_media":0,"parent":0,"menu_order":0,"comment_status":"closed","ping_status":"closed","template":"","meta":[],"yoast_head":"<!-- This site is optimized with the Yoast SEO plugin v16.1.1 - https:\/\/yoast.com\/wordpress\/plugins\/seo\/ -->\n<title>Modele marki: GMC - Dane techniczne<\/title>\n<link rel=\"canonical\" href=\"https:\/\/www.autokrata.pl\/danetechniczne\/gmc\/\" \/>\n<meta property=\"og:locale\" content=\"pl_PL\" \/>\n<meta property=\"og:type\" content=\"article\" \/>\n<meta property=\"og:title\" content=\"Modele marki: GMC - Dane techniczne\" \/>\n<meta property=\"og:description\" content=\"[vc_row][vc_column][vc_column_text]Marka samochod\u00f3w GMC zosta\u0142a po raz pierwszy za\u0142o\u017cona w 1912 roku przez Billy&#8217;ego Duranta, kt\u00f3ry by\u0142 przedsi\u0119biorc\u0105 z smyka\u0142k\u0105 do biznesu. Wcze\u015bniej za\u0142o\u017cy\u0142 Buicka i Chevroleta, ale chcia\u0142 zrobi\u0107 co\u015b innego z t\u0105 now\u0105 firm\u0105. Pierwszy model samochodu, kt\u00f3ry wypu\u015bci\u0142 w ramach swojej nowej firmy, ukaza\u0142 si\u0119 w 1915 roku i sta\u0142 si\u0119 tak popularny,...Czytaj wi\u0119cej\" \/>\n<meta property=\"og:url\" content=\"https:\/\/www.autokrata.pl\/danetechniczne\/gmc\/\" \/>\n<meta property=\"og:site_name\" content=\"Dane techniczne\" \/>\n<meta property=\"article:modified_time\" content=\"2021-07-25T20:33:18+00:00\" \/>\n<meta name=\"twitter:card\" content=\"summary_large_image\" \/>\n<meta name=\"twitter:label1\" content=\"Szacowany czas czytania\">\n\t<meta name=\"twitter:data1\" content=\"1 minuta\">\n<script type=\"application\/ld+json\" class=\"yoast-schema-graph\">{\"@context\":\"https:\/\/schema.org\",\"@graph\":[{\"@type\":\"Organization\",\"@id\":\"https:\/\/www.autokrata.pl\/danetechniczne\/#organization\",\"name\":\"Auto Krata - Dane techniczne\",\"url\":\"https:\/\/www.autokrata.pl\/danetechniczne\/\",\"sameAs\":[],\"logo\":{\"@type\":\"ImageObject\",\"@id\":\"https:\/\/www.autokrata.pl\/danetechniczne\/#logo\",\"inLanguage\":\"pl-PL\",\"url\":\"https:\/\/www.autokrata.pl\/danetechniczne\/wp-content\/uploads\/2021\/04\/logo3.png\",\"contentUrl\":\"https:\/\/www.autokrata.pl\/danetechniczne\/wp-content\/uploads\/2021\/04\/logo3.png\",\"width\":400,\"height\":100,\"caption\":\"Auto Krata - Dane techniczne\"},\"image\":{\"@id\":\"https:\/\/www.autokrata.pl\/danetechniczne\/#logo\"}},{\"@type\":\"WebSite\",\"@id\":\"https:\/\/www.autokrata.pl\/danetechniczne\/#website\",\"url\":\"https:\/\/www.autokrata.pl\/danetechniczne\/\",\"name\":\"Dane techniczne\",\"description\":\"Dane techniczne samochod\\u00f3w\",\"publisher\":{\"@id\":\"https:\/\/www.autokrata.pl\/danetechniczne\/#organization\"},\"potentialAction\":[{\"@type\":\"SearchAction\",\"target\":\"https:\/\/www.autokrata.pl\/danetechniczne\/?s={search_term_string}\",\"query-input\":\"required name=search_term_string\"}],\"inLanguage\":\"pl-PL\"},{\"@type\":\"WebPage\",\"@id\":\"https:\/\/www.autokrata.pl\/danetechniczne\/gmc\/#webpage\",\"url\":\"https:\/\/www.autokrata.pl\/danetechniczne\/gmc\/\",\"name\":\"Modele marki: GMC - Dane techniczne\",\"isPartOf\":{\"@id\":\"https:\/\/www.autokrata.pl\/danetechniczne\/#website\"},\"datePublished\":\"2021-04-20T22:31:08+00:00\",\"dateModified\":\"2021-07-25T20:33:18+00:00\",\"breadcrumb\":{\"@id\":\"https:\/\/www.autokrata.pl\/danetechniczne\/gmc\/#breadcrumb\"},\"inLanguage\":\"pl-PL\",\"potentialAction\":[{\"@type\":\"ReadAction\",\"target\":[\"https:\/\/www.autokrata.pl\/danetechniczne\/gmc\/\"]}]},{\"@type\":\"BreadcrumbList\",\"@id\":\"https:\/\/www.autokrata.pl\/danetechniczne\/gmc\/#breadcrumb\",\"itemListElement\":[{\"@type\":\"ListItem\",\"position\":1,\"item\":{\"@type\":\"WebPage\",\"@id\":\"https:\/\/www.autokrata.pl\/danetechniczne\/\",\"url\":\"https:\/\/www.autokrata.pl\/danetechniczne\/\",\"name\":\"Dane techniczne\"}},{\"@type\":\"ListItem\",\"position\":2,\"item\":{\"@type\":\"WebPage\",\"@id\":\"https:\/\/www.autokrata.pl\/danetechniczne\/gmc\/\",\"url\":\"https:\/\/www.autokrata.pl\/danetechniczne\/gmc\/\",\"name\":\"Modele marki: GMC\"}}]}]}<\/script>\n<!-- \/ Yoast SEO plugin. -->","_links":{"self":[{"href":"https:\/\/www.autokrata.pl\/danetechniczne\/wp-json\/wp\/v2\/pages\/91768"}],"collection":[{"href":"https:\/\/www.autokrata.pl\/danetechniczne\/wp-json\/wp\/v2\/pages"}],"about":[{"href":"https:\/\/www.autokrata.pl\/danetechniczne\/wp-json\/wp\/v2\/types\/page"}],"author":[{"embeddable":true,"href":"https:\/\/www.autokrata.pl\/danetechniczne\/wp-json\/wp\/v2\/users\/1"}],"replies":[{"embeddable":true,"href":"https:\/\/www.autokrata.pl\/danetechniczne\/wp-json\/wp\/v2\/comments?post=91768"}],"version-history":[{"count":2,"href":"https:\/\/www.autokrata.pl\/danetechniczne\/wp-json\/wp\/v2\/pages\/91768\/revisions"}],"predecessor-version":[{"id":92285,"href":"https:\/\/www.autokrata.pl\/danetechniczne\/wp-json\/wp\/v2\/pages\/91768\/revisions\/92285"}],"wp:attachment":[{"href":"https:\/\/www.autokrata.pl\/danetechniczne\/wp-json\/wp\/v2\/media?parent=91768"}],"curies":[{"name":"wp","href":"https:\/\/api.w.org\/{rel}","templated":true}]}}