{"id":91879,"date":"2021-04-20T23:04:19","date_gmt":"2021-04-20T23:04:19","guid":{"rendered":"https:\/\/www.autokrata.pl\/danetechniczne\/?page_id=91879"},"modified":"2021-07-26T21:31:29","modified_gmt":"2021-07-26T21:31:29","slug":"lincoln","status":"publish","type":"page","link":"https:\/\/www.autokrata.pl\/danetechniczne\/lincoln\/","title":{"rendered":"Modele marki:  Lincoln"},"content":{"rendered":"<p>[vc_row][vc_column][vc_column_text]Lincoln to ameryka\u0144ska marka samochod\u00f3w luksusowych, kt\u00f3ra powsta\u0142a w 1917 roku.<br \/>\nWe wczesnych latach producenci Lincolna byli znani z tego, \u017ce skupiali si\u0119 na luksusowych i trwa\u0142ych samochodach, ale to si\u0119 zmieni\u0142o wraz z wprowadzeniem nowego modelu samochodu Forda, co doprowadzi\u0142o do serii lat przynosz\u0105cych straty firmie.<br \/>\nLincoln skupi\u0142 si\u0119 na alternatywnej strategii, aby odr\u00f3\u017cni\u0107 si\u0119 od innych samochod\u00f3w, a zamiast tego zaoferowa\u0142 charakterystyczny design oraz funkcje zapewniaj\u0105ce komfort i wygod\u0119, takie jak ogrzewanie przednich siedze\u0144.<br \/>\nLincoln odnotowa\u0142 wzrost sprzeda\u017cy od 2008 r. ze wzgl\u0119du na skupienie si\u0119 na konstruowaniu bardziej luksusowych pojazd\u00f3w z wy\u017cszej p\u00f3\u0142ki w konkurencyjnych cenach.<br \/>\nNowe modele odnios\u0142y sukces w przyci\u0105ganiu nabywc\u00f3w, poniewa\u017c s\u0105 wycenione na poziomie, na kt\u00f3rym mog\u0105 konkurowa\u0107 z takimi markami jak Lexus czy Acura.[\/vc_column_text][vc_custom_heading text=&#8221;Wybierz model z marki Lincoln aby pozna\u0107 dane techniczne.&#8221; font_container=&#8221;tag:h2|text_align:center&#8221; use_theme_fonts=&#8221;yes&#8221;][vc_column_text]Aby pozna\u0107 dane techniczne samochod\u00f3w marki Lincoln wybierz z listy poni\u017cej model, kt\u00f3ry Cie interesuje:[\/vc_column_text][vc_custom_heading text=&#8221;Modele marki Lincoln:&#8221; font_container=&#8221;tag:h3|text_align:center&#8221; use_theme_fonts=&#8221;yes&#8221;][vc_empty_space]<div class=\"vc_taxonomy_listing\"><ul ><li><a href=\"https:\/\/www.autokrata.pl\/danetechniczne\/auto\/marka-lincoln\/aviator\/\">Aviator<\/a><\/li><li><a href=\"https:\/\/www.autokrata.pl\/danetechniczne\/auto\/marka-lincoln\/continental\/\">Continental<\/a><\/li><li><a href=\"https:\/\/www.autokrata.pl\/danetechniczne\/auto\/marka-lincoln\/mark\/\">Mark<\/a><\/li><li><a href=\"https:\/\/www.autokrata.pl\/danetechniczne\/auto\/marka-lincoln\/mark-lt\/\">Mark-LT<\/a><\/li><li><a href=\"https:\/\/www.autokrata.pl\/danetechniczne\/auto\/marka-lincoln\/mks\/\">MKS<\/a><\/li><li><a href=\"https:\/\/www.autokrata.pl\/danetechniczne\/auto\/marka-lincoln\/mkt\/\">MKT<\/a><\/li><li><a href=\"https:\/\/www.autokrata.pl\/danetechniczne\/auto\/marka-lincoln\/mkx\/\">MKX<\/a><\/li><li><a href=\"https:\/\/www.autokrata.pl\/danetechniczne\/auto\/marka-lincoln\/mkz\/\">MKZ<\/a><\/li><li><a href=\"https:\/\/www.autokrata.pl\/danetechniczne\/auto\/marka-lincoln\/navigator\/\">Navigator<\/a><\/li><li><a href=\"https:\/\/www.autokrata.pl\/danetechniczne\/auto\/marka-lincoln\/town-car\/\">Town-Car<\/a><\/li><li><a href=\"https:\/\/www.autokrata.pl\/danetechniczne\/auto\/marka-lincoln\/zephyr\/\">Zephyr<\/a><\/li><\/ul><\/div>[vc_empty_space][vc_column_text]<mark>Krok 2 z 3:<\/mark> Aktualnie znajdujesz si\u0119 w kategorii dane techniczne dla samochod\u00f3w marki <strong> Lincoln<\/strong>. Wybierz model auta i przejd\u017a do kroku 3-go w kt\u00f3rym wybierzesz konkretny model silnikowy, rodzaj nadwozia lub wersj\u0119 samochodu i uzyskasz na jego temat dok\u0142adne dane techniczne.[\/vc_column_text][\/vc_column][\/vc_row][vc_row][vc_column][\/vc_column][\/vc_row]<\/p>\n","protected":false},"excerpt":{"rendered":"<p>[vc_row][vc_column][vc_column_text]Lincoln to ameryka\u0144ska marka samochod\u00f3w luksusowych, kt\u00f3ra powsta\u0142a w 1917 roku. We wczesnych latach producenci Lincolna byli znani z tego, \u017ce skupiali si\u0119 na luksusowych i trwa\u0142ych samochodach, ale to si\u0119 zmieni\u0142o wraz z wprowadzeniem nowego modelu samochodu Forda, co doprowadzi\u0142o do serii lat przynosz\u0105cych straty firmie. Lincoln skupi\u0142 si\u0119 na alternatywnej strategii, aby odr\u00f3\u017cni\u0107&#8230;<a class=\"btnReadMore\" href=\"https:\/\/www.autokrata.pl\/danetechniczne\/lincoln\/\">Czytaj wi\u0119cej<i class=\"fa fa-long-arrow-right\"><\/i><\/a><\/p>\n","protected":false},"author":1,"featured_media":0,"parent":0,"menu_order":0,"comment_status":"closed","ping_status":"closed","template":"","meta":[],"yoast_head":"<!-- This site is optimized with the Yoast SEO plugin v16.1.1 - https:\/\/yoast.com\/wordpress\/plugins\/seo\/ -->\n<title>Modele marki: Lincoln - Dane techniczne<\/title>\n<link rel=\"canonical\" href=\"https:\/\/www.autokrata.pl\/danetechniczne\/lincoln\/\" \/>\n<meta property=\"og:locale\" content=\"pl_PL\" \/>\n<meta property=\"og:type\" content=\"article\" \/>\n<meta property=\"og:title\" content=\"Modele marki: Lincoln - Dane techniczne\" \/>\n<meta property=\"og:description\" content=\"[vc_row][vc_column][vc_column_text]Lincoln to ameryka\u0144ska marka samochod\u00f3w luksusowych, kt\u00f3ra powsta\u0142a w 1917 roku. We wczesnych latach producenci Lincolna byli znani z tego, \u017ce skupiali si\u0119 na luksusowych i trwa\u0142ych samochodach, ale to si\u0119 zmieni\u0142o wraz z wprowadzeniem nowego modelu samochodu Forda, co doprowadzi\u0142o do serii lat przynosz\u0105cych straty firmie. Lincoln skupi\u0142 si\u0119 na alternatywnej strategii, aby odr\u00f3\u017cni\u0107...Czytaj wi\u0119cej\" \/>\n<meta property=\"og:url\" content=\"https:\/\/www.autokrata.pl\/danetechniczne\/lincoln\/\" \/>\n<meta property=\"og:site_name\" content=\"Dane techniczne\" \/>\n<meta property=\"article:modified_time\" content=\"2021-07-26T21:31:29+00:00\" \/>\n<meta name=\"twitter:card\" content=\"summary_large_image\" \/>\n<meta name=\"twitter:label1\" content=\"Szacowany czas czytania\">\n\t<meta name=\"twitter:data1\" content=\"1 minuta\">\n<script type=\"application\/ld+json\" class=\"yoast-schema-graph\">{\"@context\":\"https:\/\/schema.org\",\"@graph\":[{\"@type\":\"Organization\",\"@id\":\"https:\/\/www.autokrata.pl\/danetechniczne\/#organization\",\"name\":\"Auto Krata - Dane techniczne\",\"url\":\"https:\/\/www.autokrata.pl\/danetechniczne\/\",\"sameAs\":[],\"logo\":{\"@type\":\"ImageObject\",\"@id\":\"https:\/\/www.autokrata.pl\/danetechniczne\/#logo\",\"inLanguage\":\"pl-PL\",\"url\":\"https:\/\/www.autokrata.pl\/danetechniczne\/wp-content\/uploads\/2021\/04\/logo3.png\",\"contentUrl\":\"https:\/\/www.autokrata.pl\/danetechniczne\/wp-content\/uploads\/2021\/04\/logo3.png\",\"width\":400,\"height\":100,\"caption\":\"Auto Krata - Dane techniczne\"},\"image\":{\"@id\":\"https:\/\/www.autokrata.pl\/danetechniczne\/#logo\"}},{\"@type\":\"WebSite\",\"@id\":\"https:\/\/www.autokrata.pl\/danetechniczne\/#website\",\"url\":\"https:\/\/www.autokrata.pl\/danetechniczne\/\",\"name\":\"Dane techniczne\",\"description\":\"Dane techniczne samochod\\u00f3w\",\"publisher\":{\"@id\":\"https:\/\/www.autokrata.pl\/danetechniczne\/#organization\"},\"potentialAction\":[{\"@type\":\"SearchAction\",\"target\":\"https:\/\/www.autokrata.pl\/danetechniczne\/?s={search_term_string}\",\"query-input\":\"required name=search_term_string\"}],\"inLanguage\":\"pl-PL\"},{\"@type\":\"WebPage\",\"@id\":\"https:\/\/www.autokrata.pl\/danetechniczne\/lincoln\/#webpage\",\"url\":\"https:\/\/www.autokrata.pl\/danetechniczne\/lincoln\/\",\"name\":\"Modele marki: Lincoln - Dane techniczne\",\"isPartOf\":{\"@id\":\"https:\/\/www.autokrata.pl\/danetechniczne\/#website\"},\"datePublished\":\"2021-04-20T23:04:19+00:00\",\"dateModified\":\"2021-07-26T21:31:29+00:00\",\"breadcrumb\":{\"@id\":\"https:\/\/www.autokrata.pl\/danetechniczne\/lincoln\/#breadcrumb\"},\"inLanguage\":\"pl-PL\",\"potentialAction\":[{\"@type\":\"ReadAction\",\"target\":[\"https:\/\/www.autokrata.pl\/danetechniczne\/lincoln\/\"]}]},{\"@type\":\"BreadcrumbList\",\"@id\":\"https:\/\/www.autokrata.pl\/danetechniczne\/lincoln\/#breadcrumb\",\"itemListElement\":[{\"@type\":\"ListItem\",\"position\":1,\"item\":{\"@type\":\"WebPage\",\"@id\":\"https:\/\/www.autokrata.pl\/danetechniczne\/\",\"url\":\"https:\/\/www.autokrata.pl\/danetechniczne\/\",\"name\":\"Dane techniczne\"}},{\"@type\":\"ListItem\",\"position\":2,\"item\":{\"@type\":\"WebPage\",\"@id\":\"https:\/\/www.autokrata.pl\/danetechniczne\/lincoln\/\",\"url\":\"https:\/\/www.autokrata.pl\/danetechniczne\/lincoln\/\",\"name\":\"Modele marki: Lincoln\"}}]}]}<\/script>\n<!-- \/ Yoast SEO plugin. -->","_links":{"self":[{"href":"https:\/\/www.autokrata.pl\/danetechniczne\/wp-json\/wp\/v2\/pages\/91879"}],"collection":[{"href":"https:\/\/www.autokrata.pl\/danetechniczne\/wp-json\/wp\/v2\/pages"}],"about":[{"href":"https:\/\/www.autokrata.pl\/danetechniczne\/wp-json\/wp\/v2\/types\/page"}],"author":[{"embeddable":true,"href":"https:\/\/www.autokrata.pl\/danetechniczne\/wp-json\/wp\/v2\/users\/1"}],"replies":[{"embeddable":true,"href":"https:\/\/www.autokrata.pl\/danetechniczne\/wp-json\/wp\/v2\/comments?post=91879"}],"version-history":[{"count":2,"href":"https:\/\/www.autokrata.pl\/danetechniczne\/wp-json\/wp\/v2\/pages\/91879\/revisions"}],"predecessor-version":[{"id":92321,"href":"https:\/\/www.autokrata.pl\/danetechniczne\/wp-json\/wp\/v2\/pages\/91879\/revisions\/92321"}],"wp:attachment":[{"href":"https:\/\/www.autokrata.pl\/danetechniczne\/wp-json\/wp\/v2\/media?parent=91879"}],"curies":[{"name":"wp","href":"https:\/\/api.w.org\/{rel}","templated":true}]}}