{"id":92058,"date":"2021-04-21T16:25:25","date_gmt":"2021-04-21T16:25:25","guid":{"rendered":"https:\/\/www.autokrata.pl\/danetechniczne\/?page_id=92058"},"modified":"2021-04-21T16:25:58","modified_gmt":"2021-04-21T16:25:58","slug":"sma","status":"publish","type":"page","link":"https:\/\/www.autokrata.pl\/danetechniczne\/sma\/","title":{"rendered":"Modele marki:  SMA"},"content":{"rendered":"<p>[vc_row][vc_column][vc_custom_heading text=&#8221;Wybierz model z marki  SMA aby pozna\u0107 dane techniczne.&#8221; font_container=&#8221;tag:h2|text_align:center&#8221; use_theme_fonts=&#8221;yes&#8221;][vc_column_text]Aby pozna\u0107 dane techniczne samochod\u00f3w marki  SMA wybierz z listy poni\u017cej model, kt\u00f3ry Cie interesuje:[\/vc_column_text][vc_custom_heading text=&#8221;Modele marki  SMA:&#8221; font_container=&#8221;tag:h3|text_align:center&#8221; use_theme_fonts=&#8221;yes&#8221;][vc_empty_space]<div class=\"vc_taxonomy_listing\"><ul ><li><a href=\"https:\/\/www.autokrata.pl\/danetechniczne\/auto\/marka-sma\/c61\/\">C61<\/a><\/li><\/ul><\/div>[vc_empty_space][vc_column_text]<mark>Krok 2 z 3:<\/mark> Aktualnie znajdujesz si\u0119 w kategorii dane techniczne dla samochod\u00f3w marki <strong> SMA<\/strong>.  Wybierz model auta i przejd\u017a do kroku 3-go w kt\u00f3rym wybierzesz konkretny model silnikowy, rodzaj nadwozia lub wersj\u0119 samochodu i uzyskasz na jego temat dok\u0142adne dane techniczne.[\/vc_column_text][\/vc_column][\/vc_row][vc_row][vc_column][\/vc_column][\/vc_row]<\/p>\n","protected":false},"excerpt":{"rendered":"<p>[vc_row][vc_column][vc_custom_heading text=&#8221;Wybierz model z marki SMA aby pozna\u0107 dane techniczne.&#8221; font_container=&#8221;tag:h2|text_align:center&#8221; use_theme_fonts=&#8221;yes&#8221;][vc_column_text]Aby pozna\u0107 dane techniczne samochod\u00f3w marki SMA wybierz z listy poni\u017cej model, kt\u00f3ry Cie interesuje:[\/vc_column_text][vc_custom_heading text=&#8221;Modele marki SMA:&#8221; font_container=&#8221;tag:h3|text_align:center&#8221; use_theme_fonts=&#8221;yes&#8221;][vc_empty_space][vc_empty_space][vc_column_text]Krok 2 z 3: Aktualnie znajdujesz si\u0119 w kategorii dane techniczne dla samochod\u00f3w marki SMA. Wybierz model auta i przejd\u017a do kroku 3-go w kt\u00f3rym&#8230;<a class=\"btnReadMore\" href=\"https:\/\/www.autokrata.pl\/danetechniczne\/sma\/\">Czytaj wi\u0119cej<i class=\"fa fa-long-arrow-right\"><\/i><\/a><\/p>\n","protected":false},"author":1,"featured_media":0,"parent":0,"menu_order":0,"comment_status":"closed","ping_status":"closed","template":"","meta":[],"yoast_head":"<!-- This site is optimized with the Yoast SEO plugin v16.1.1 - https:\/\/yoast.com\/wordpress\/plugins\/seo\/ -->\n<title>Modele marki: SMA - Dane techniczne<\/title>\n<link rel=\"canonical\" href=\"https:\/\/www.autokrata.pl\/danetechniczne\/sma\/\" \/>\n<meta property=\"og:locale\" content=\"pl_PL\" \/>\n<meta property=\"og:type\" content=\"article\" \/>\n<meta property=\"og:title\" content=\"Modele marki: SMA - Dane techniczne\" \/>\n<meta property=\"og:description\" content=\"[vc_row][vc_column][vc_custom_heading text=&#8221;Wybierz model z marki SMA aby pozna\u0107 dane techniczne.&#8221; font_container=&#8221;tag:h2|text_align:center&#8221; use_theme_fonts=&#8221;yes&#8221;][vc_column_text]Aby pozna\u0107 dane techniczne samochod\u00f3w marki SMA wybierz z listy poni\u017cej model, kt\u00f3ry Cie interesuje:[\/vc_column_text][vc_custom_heading text=&#8221;Modele marki SMA:&#8221; font_container=&#8221;tag:h3|text_align:center&#8221; use_theme_fonts=&#8221;yes&#8221;][vc_empty_space][vc_empty_space][vc_column_text]Krok 2 z 3: Aktualnie znajdujesz si\u0119 w kategorii dane techniczne dla samochod\u00f3w marki SMA. Wybierz model auta i przejd\u017a do kroku 3-go w kt\u00f3rym...Czytaj wi\u0119cej\" \/>\n<meta property=\"og:url\" content=\"https:\/\/www.autokrata.pl\/danetechniczne\/sma\/\" \/>\n<meta property=\"og:site_name\" content=\"Dane techniczne\" \/>\n<meta property=\"article:modified_time\" content=\"2021-04-21T16:25:58+00:00\" \/>\n<meta name=\"twitter:card\" content=\"summary_large_image\" \/>\n<meta name=\"twitter:label1\" content=\"Szacowany czas czytania\">\n\t<meta name=\"twitter:data1\" content=\"1 minuta\">\n<script type=\"application\/ld+json\" class=\"yoast-schema-graph\">{\"@context\":\"https:\/\/schema.org\",\"@graph\":[{\"@type\":\"Organization\",\"@id\":\"https:\/\/www.autokrata.pl\/danetechniczne\/#organization\",\"name\":\"Auto Krata - Dane techniczne\",\"url\":\"https:\/\/www.autokrata.pl\/danetechniczne\/\",\"sameAs\":[],\"logo\":{\"@type\":\"ImageObject\",\"@id\":\"https:\/\/www.autokrata.pl\/danetechniczne\/#logo\",\"inLanguage\":\"pl-PL\",\"url\":\"https:\/\/www.autokrata.pl\/danetechniczne\/wp-content\/uploads\/2021\/04\/logo3.png\",\"contentUrl\":\"https:\/\/www.autokrata.pl\/danetechniczne\/wp-content\/uploads\/2021\/04\/logo3.png\",\"width\":400,\"height\":100,\"caption\":\"Auto Krata - Dane techniczne\"},\"image\":{\"@id\":\"https:\/\/www.autokrata.pl\/danetechniczne\/#logo\"}},{\"@type\":\"WebSite\",\"@id\":\"https:\/\/www.autokrata.pl\/danetechniczne\/#website\",\"url\":\"https:\/\/www.autokrata.pl\/danetechniczne\/\",\"name\":\"Dane techniczne\",\"description\":\"Dane techniczne samochod\\u00f3w\",\"publisher\":{\"@id\":\"https:\/\/www.autokrata.pl\/danetechniczne\/#organization\"},\"potentialAction\":[{\"@type\":\"SearchAction\",\"target\":\"https:\/\/www.autokrata.pl\/danetechniczne\/?s={search_term_string}\",\"query-input\":\"required name=search_term_string\"}],\"inLanguage\":\"pl-PL\"},{\"@type\":\"WebPage\",\"@id\":\"https:\/\/www.autokrata.pl\/danetechniczne\/sma\/#webpage\",\"url\":\"https:\/\/www.autokrata.pl\/danetechniczne\/sma\/\",\"name\":\"Modele marki: SMA - Dane techniczne\",\"isPartOf\":{\"@id\":\"https:\/\/www.autokrata.pl\/danetechniczne\/#website\"},\"datePublished\":\"2021-04-21T16:25:25+00:00\",\"dateModified\":\"2021-04-21T16:25:58+00:00\",\"breadcrumb\":{\"@id\":\"https:\/\/www.autokrata.pl\/danetechniczne\/sma\/#breadcrumb\"},\"inLanguage\":\"pl-PL\",\"potentialAction\":[{\"@type\":\"ReadAction\",\"target\":[\"https:\/\/www.autokrata.pl\/danetechniczne\/sma\/\"]}]},{\"@type\":\"BreadcrumbList\",\"@id\":\"https:\/\/www.autokrata.pl\/danetechniczne\/sma\/#breadcrumb\",\"itemListElement\":[{\"@type\":\"ListItem\",\"position\":1,\"item\":{\"@type\":\"WebPage\",\"@id\":\"https:\/\/www.autokrata.pl\/danetechniczne\/\",\"url\":\"https:\/\/www.autokrata.pl\/danetechniczne\/\",\"name\":\"Dane techniczne\"}},{\"@type\":\"ListItem\",\"position\":2,\"item\":{\"@type\":\"WebPage\",\"@id\":\"https:\/\/www.autokrata.pl\/danetechniczne\/sma\/\",\"url\":\"https:\/\/www.autokrata.pl\/danetechniczne\/sma\/\",\"name\":\"Modele marki: SMA\"}}]}]}<\/script>\n<!-- \/ Yoast SEO plugin. -->","_links":{"self":[{"href":"https:\/\/www.autokrata.pl\/danetechniczne\/wp-json\/wp\/v2\/pages\/92058"}],"collection":[{"href":"https:\/\/www.autokrata.pl\/danetechniczne\/wp-json\/wp\/v2\/pages"}],"about":[{"href":"https:\/\/www.autokrata.pl\/danetechniczne\/wp-json\/wp\/v2\/types\/page"}],"author":[{"embeddable":true,"href":"https:\/\/www.autokrata.pl\/danetechniczne\/wp-json\/wp\/v2\/users\/1"}],"replies":[{"embeddable":true,"href":"https:\/\/www.autokrata.pl\/danetechniczne\/wp-json\/wp\/v2\/comments?post=92058"}],"version-history":[{"count":1,"href":"https:\/\/www.autokrata.pl\/danetechniczne\/wp-json\/wp\/v2\/pages\/92058\/revisions"}],"predecessor-version":[{"id":92060,"href":"https:\/\/www.autokrata.pl\/danetechniczne\/wp-json\/wp\/v2\/pages\/92058\/revisions\/92060"}],"wp:attachment":[{"href":"https:\/\/www.autokrata.pl\/danetechniczne\/wp-json\/wp\/v2\/media?parent=92058"}],"curies":[{"name":"wp","href":"https:\/\/api.w.org\/{rel}","templated":true}]}}